{"id":42,"date":"2023-12-06T15:48:42","date_gmt":"2023-12-06T14:48:42","guid":{"rendered":"https:\/\/cosmeticos.nicesticker.mx\/?page_id=42"},"modified":"2024-08-01T14:20:31","modified_gmt":"2024-08-01T20:20:31","slug":"contacto","status":"publish","type":"page","link":"https:\/\/cosmeticos.nicesticker.mx\/index.php\/contacto\/","title":{"rendered":"Contacto"},"content":{"rendered":"\t\t<div data-elementor-type=\"wp-page\" data-elementor-id=\"42\" class=\"elementor elementor-42\" data-elementor-post-type=\"page\">\n\t\t\t\t\t\t<section class=\"elementor-section elementor-top-section elementor-element elementor-element-465be220 elementor-section-full_width elementor-section-stretched elementor-section-height-default elementor-section-height-default wpr-particle-no wpr-jarallax-no wpr-parallax-no wpr-sticky-section-no elementor-invisible\" data-id=\"465be220\" data-element_type=\"section\" data-settings=\"{&quot;stretch_section&quot;:&quot;section-stretched&quot;,&quot;animation&quot;:&quot;fadeIn&quot;,&quot;animation_delay&quot;:200}\">\n\t\t\t\t\t\t<div class=\"elementor-container elementor-column-gap-no\">\n\t\t\t\t\t<div class=\"elementor-column elementor-col-100 elementor-top-column elementor-element elementor-element-625a8ff2\" data-id=\"625a8ff2\" data-element_type=\"column\">\n\t\t\t<div class=\"elementor-widget-wrap elementor-element-populated\">\n\t\t\t\t\t\t<div class=\"elementor-element elementor-element-766a9f14 elementor-widget elementor-widget-google_maps\" data-id=\"766a9f14\" data-element_type=\"widget\" data-widget_type=\"google_maps.default\">\n\t\t\t\t<div class=\"elementor-widget-container\">\n\t\t\t<style>\/*! elementor - v3.22.0 - 17-06-2024 *\/\n.elementor-widget-google_maps .elementor-widget-container{overflow:hidden}.elementor-widget-google_maps .elementor-custom-embed{line-height:0}.elementor-widget-google_maps iframe{height:300px}<\/style>\t\t<div class=\"elementor-custom-embed\">\n\t\t\t<iframe loading=\"lazy\"\n\t\t\t\t\tsrc=\"https:\/\/maps.google.com\/maps?q=Cosm%C3%A9ticos%20Naturales%20Ideal%20S.A.%20de%20C.V.&#038;t=m&#038;z=14&#038;output=embed&#038;iwloc=near\"\n\t\t\t\t\ttitle=\"Cosm\u00e9ticos Naturales Ideal S.A. de C.V.\"\n\t\t\t\t\taria-label=\"Cosm\u00e9ticos Naturales Ideal S.A. de C.V.\"\n\t\t\t><\/iframe>\n\t\t<\/div>\n\t\t\t\t<\/div>\n\t\t\t\t<\/div>\n\t\t\t\t\t<\/div>\n\t\t<\/div>\n\t\t\t\t\t<\/div>\n\t\t<\/section>\n\t\t\t\t<section class=\"elementor-section elementor-top-section elementor-element elementor-element-682a6a0e elementor-section-stretched elementor-section-content-middle elementor-section-boxed elementor-section-height-default elementor-section-height-default wpr-particle-no wpr-jarallax-no wpr-parallax-no wpr-sticky-section-no\" data-id=\"682a6a0e\" data-element_type=\"section\" data-settings=\"{&quot;stretch_section&quot;:&quot;section-stretched&quot;,&quot;background_background&quot;:&quot;classic&quot;}\">\n\t\t\t\t\t\t<div class=\"elementor-container elementor-column-gap-extended\">\n\t\t\t\t\t<div class=\"elementor-column elementor-col-33 elementor-top-column elementor-element elementor-element-584e10c3 elementor-invisible\" data-id=\"584e10c3\" data-element_type=\"column\" data-settings=\"{&quot;background_background&quot;:&quot;classic&quot;,&quot;animation&quot;:&quot;scale&quot;,&quot;animation_delay&quot;:200}\">\n\t\t\t<div class=\"elementor-widget-wrap elementor-element-populated\">\n\t\t\t\t\t\t<div class=\"elementor-element elementor-element-e33983f eael-contact-form-7-button-align-left eael-contact-form-7-button-custom elementor-widget elementor-widget-eael-contact-form-7\" data-id=\"e33983f\" data-element_type=\"widget\" data-widget_type=\"eael-contact-form-7.default\">\n\t\t\t\t<div class=\"elementor-widget-container\">\n\t\t\t<div class=\"eael-contact-form-7-wrapper\">\n                <div class=\"eael-contact-form eael-contact-form-7 eael-contact-form-e33983f placeholder-show eael-contact-form-align-default\">\n<div class=\"wpcf7 no-js\" id=\"wpcf7-f671-o1\" lang=\"es-ES\" dir=\"ltr\">\n<div class=\"screen-reader-response\"><p role=\"status\" aria-live=\"polite\" aria-atomic=\"true\"><\/p> <ul><\/ul><\/div>\n<form action=\"\/index.php\/wp-json\/wp\/v2\/pages\/42#wpcf7-f671-o1\" method=\"post\" class=\"wpcf7-form init\" aria-label=\"Formulario de contacto\" novalidate=\"novalidate\" data-status=\"init\">\n<div style=\"display: none;\">\n<input type=\"hidden\" name=\"_wpcf7\" value=\"671\" \/>\n<input type=\"hidden\" name=\"_wpcf7_version\" value=\"5.9.6\" \/>\n<input type=\"hidden\" name=\"_wpcf7_locale\" value=\"es_ES\" \/>\n<input type=\"hidden\" name=\"_wpcf7_unit_tag\" value=\"wpcf7-f671-o1\" \/>\n<input type=\"hidden\" name=\"_wpcf7_container_post\" value=\"0\" \/>\n<input type=\"hidden\" name=\"_wpcf7_posted_data_hash\" value=\"\" \/>\n<\/div>\n<p><label> Tu nombre<br \/>\n<span class=\"wpcf7-form-control-wrap\" data-name=\"your-name\"><input size=\"40\" maxlength=\"80\" class=\"wpcf7-form-control wpcf7-text wpcf7-validates-as-required\" autocomplete=\"name\" aria-required=\"true\" aria-invalid=\"false\" value=\"\" type=\"text\" name=\"your-name\" \/><\/span> <\/label>\n<\/p>\n<p><label> Tu correo electr\u00f3nico<br \/>\n<span class=\"wpcf7-form-control-wrap\" data-name=\"your-email\"><input size=\"40\" maxlength=\"80\" class=\"wpcf7-form-control wpcf7-email wpcf7-validates-as-required wpcf7-text wpcf7-validates-as-email\" autocomplete=\"email\" aria-required=\"true\" aria-invalid=\"false\" value=\"\" type=\"email\" name=\"your-email\" \/><\/span> <\/label>\n<\/p>\n<p><label> Asunto<br \/>\n<span class=\"wpcf7-form-control-wrap\" data-name=\"your-subject\"><input size=\"40\" maxlength=\"80\" class=\"wpcf7-form-control wpcf7-text wpcf7-validates-as-required\" aria-required=\"true\" aria-invalid=\"false\" value=\"\" type=\"text\" name=\"your-subject\" \/><\/span> <\/label>\n<\/p>\n<p><label> Tu mensaje (opcional)<br \/>\n<span class=\"wpcf7-form-control-wrap\" data-name=\"your-message\"><textarea cols=\"40\" rows=\"10\" maxlength=\"400\" class=\"wpcf7-form-control wpcf7-textarea\" aria-invalid=\"false\" name=\"your-message\"><\/textarea><\/span> <\/label>\n<\/p>\n<p><input class=\"wpcf7-form-control wpcf7-submit has-spinner\" type=\"submit\" value=\"Enviar\" \/>\n<\/p><div class=\"wpcf7-response-output\" aria-hidden=\"true\"><\/div>\n<\/form>\n<\/div>\n<\/div>\n            <\/div>\t\t<\/div>\n\t\t\t\t<\/div>\n\t\t\t\t\t<\/div>\n\t\t<\/div>\n\t\t\t\t<div class=\"elementor-column elementor-col-33 elementor-top-column elementor-element elementor-element-7b07c1e7\" data-id=\"7b07c1e7\" data-element_type=\"column\">\n\t\t\t<div class=\"elementor-widget-wrap\">\n\t\t\t\t\t\t\t<\/div>\n\t\t<\/div>\n\t\t\t\t<div class=\"elementor-column elementor-col-33 elementor-top-column elementor-element elementor-element-4bd7397 elementor-invisible\" data-id=\"4bd7397\" data-element_type=\"column\" data-settings=\"{&quot;animation&quot;:&quot;slide-up&quot;,&quot;animation_delay&quot;:500}\">\n\t\t\t<div class=\"elementor-widget-wrap elementor-element-populated\">\n\t\t\t\t\t\t<div class=\"elementor-element elementor-element-2520fd0b elementor-widget elementor-widget-heading\" data-id=\"2520fd0b\" data-element_type=\"widget\" data-widget_type=\"heading.default\">\n\t\t\t\t<div class=\"elementor-widget-container\">\n\t\t\t<style>\/*! elementor - v3.22.0 - 17-06-2024 *\/\n.elementor-heading-title{padding:0;margin:0;line-height:1}.elementor-widget-heading .elementor-heading-title[class*=elementor-size-]>a{color:inherit;font-size:inherit;line-height:inherit}.elementor-widget-heading .elementor-heading-title.elementor-size-small{font-size:15px}.elementor-widget-heading .elementor-heading-title.elementor-size-medium{font-size:19px}.elementor-widget-heading .elementor-heading-title.elementor-size-large{font-size:29px}.elementor-widget-heading .elementor-heading-title.elementor-size-xl{font-size:39px}.elementor-widget-heading .elementor-heading-title.elementor-size-xxl{font-size:59px}<\/style><h2 class=\"elementor-heading-title elementor-size-default\">Nos encantar\u00eda saber de ti.<\/h2>\t\t<\/div>\n\t\t\t\t<\/div>\n\t\t\t\t<div class=\"elementor-element elementor-element-4d29370c elementor-widget elementor-widget-text-editor\" data-id=\"4d29370c\" data-element_type=\"widget\" data-widget_type=\"text-editor.default\">\n\t\t\t\t<div class=\"elementor-widget-container\">\n\t\t\t<style>\/*! elementor - v3.22.0 - 17-06-2024 *\/\n.elementor-widget-text-editor.elementor-drop-cap-view-stacked .elementor-drop-cap{background-color:#69727d;color:#fff}.elementor-widget-text-editor.elementor-drop-cap-view-framed .elementor-drop-cap{color:#69727d;border:3px solid;background-color:transparent}.elementor-widget-text-editor:not(.elementor-drop-cap-view-default) .elementor-drop-cap{margin-top:8px}.elementor-widget-text-editor:not(.elementor-drop-cap-view-default) .elementor-drop-cap-letter{width:1em;height:1em}.elementor-widget-text-editor .elementor-drop-cap{float:left;text-align:center;line-height:1;font-size:50px}.elementor-widget-text-editor .elementor-drop-cap-letter{display:inline-block}<\/style>\t\t\t\t<p>Contacta con nuestro equipo para cualquier consulta o informaci\u00f3n que necesites. Estamos aqu\u00ed para ayudarte.<\/p>\t\t\t\t\t\t<\/div>\n\t\t\t\t<\/div>\n\t\t\t\t<div class=\"elementor-element elementor-element-33d8c45 elementor-icon-list--layout-traditional elementor-list-item-link-full_width elementor-widget elementor-widget-icon-list\" data-id=\"33d8c45\" data-element_type=\"widget\" data-widget_type=\"icon-list.default\">\n\t\t\t\t<div class=\"elementor-widget-container\">\n\t\t\t<link rel=\"stylesheet\" href=\"https:\/\/cosmeticos.nicesticker.mx\/wp-content\/plugins\/elementor\/assets\/css\/widget-icon-list.min.css\">\t\t<ul class=\"elementor-icon-list-items\">\n\t\t\t\t\t\t\t<li class=\"elementor-icon-list-item\">\n\t\t\t\t\t\t\t\t\t\t\t<span class=\"elementor-icon-list-icon\">\n\t\t\t\t\t\t\t<i aria-hidden=\"true\" class=\"icon icon-envelope\"><\/i>\t\t\t\t\t\t<\/span>\n\t\t\t\t\t\t\t\t\t\t<span class=\"elementor-icon-list-text\">clientescni@naturalescni.mx<\/span>\n\t\t\t\t\t\t\t\t\t<\/li>\n\t\t\t\t\t\t<\/ul>\n\t\t\t\t<\/div>\n\t\t\t\t<\/div>\n\t\t\t\t\t<\/div>\n\t\t<\/div>\n\t\t\t\t\t<\/div>\n\t\t<\/section>\n\t\t\t\t<\/div>\n\t\t","protected":false},"excerpt":{"rendered":"<p>Tu nombre Tu correo electr\u00f3nico Asunto Tu mensaje (opcional) Nos encantar\u00eda saber de ti. Contacta con nuestro equipo para cualquier consulta o informaci\u00f3n que necesites. Estamos aqu\u00ed para ayudarte. clientescni@naturalescni.mx<\/p>\n","protected":false},"author":1,"featured_media":0,"parent":0,"menu_order":0,"comment_status":"closed","ping_status":"closed","template":"","meta":{"footnotes":""},"class_list":["post-42","page","type-page","status-publish","hentry"],"yoast_head":"<!-- This site is optimized with the Yoast SEO plugin v22.9 - https:\/\/yoast.com\/wordpress\/plugins\/seo\/ -->\n<title>Contacto - Cosm\u00e9tica Lab Natural<\/title>\n<meta name=\"robots\" content=\"index, follow, max-snippet:-1, max-image-preview:large, max-video-preview:-1\" \/>\n<link rel=\"canonical\" href=\"https:\/\/cosmeticos.nicesticker.mx\/index.php\/contacto\/\" \/>\n<meta property=\"og:locale\" content=\"es_ES\" \/>\n<meta property=\"og:type\" content=\"article\" \/>\n<meta property=\"og:title\" content=\"Contacto - Cosm\u00e9tica Lab Natural\" \/>\n<meta property=\"og:description\" content=\"Tu nombre Tu correo electr\u00f3nico Asunto Tu mensaje (opcional) Nos encantar\u00eda saber de ti. Contacta con nuestro equipo para cualquier consulta o informaci\u00f3n que necesites. Estamos aqu\u00ed para ayudarte. clientescni@naturalescni.mx\" \/>\n<meta property=\"og:url\" content=\"https:\/\/cosmeticos.nicesticker.mx\/index.php\/contacto\/\" \/>\n<meta property=\"og:site_name\" content=\"Cosm\u00e9tica Lab Natural\" \/>\n<meta property=\"article:modified_time\" content=\"2024-08-01T20:20:31+00:00\" \/>\n<meta name=\"twitter:card\" content=\"summary_large_image\" \/>\n<meta name=\"twitter:label1\" content=\"Tiempo de lectura\" \/>\n\t<meta name=\"twitter:data1\" content=\"1 minuto\" \/>\n<script type=\"application\/ld+json\" class=\"yoast-schema-graph\">{\"@context\":\"https:\/\/schema.org\",\"@graph\":[{\"@type\":\"WebPage\",\"@id\":\"https:\/\/cosmeticos.nicesticker.mx\/index.php\/contacto\/\",\"url\":\"https:\/\/cosmeticos.nicesticker.mx\/index.php\/contacto\/\",\"name\":\"Contacto - Cosm\u00e9tica Lab Natural\",\"isPartOf\":{\"@id\":\"https:\/\/cosmeticos.nicesticker.mx\/#website\"},\"datePublished\":\"2023-12-06T14:48:42+00:00\",\"dateModified\":\"2024-08-01T20:20:31+00:00\",\"breadcrumb\":{\"@id\":\"https:\/\/cosmeticos.nicesticker.mx\/index.php\/contacto\/#breadcrumb\"},\"inLanguage\":\"es\",\"potentialAction\":[{\"@type\":\"ReadAction\",\"target\":[\"https:\/\/cosmeticos.nicesticker.mx\/index.php\/contacto\/\"]}]},{\"@type\":\"BreadcrumbList\",\"@id\":\"https:\/\/cosmeticos.nicesticker.mx\/index.php\/contacto\/#breadcrumb\",\"itemListElement\":[{\"@type\":\"ListItem\",\"position\":1,\"name\":\"Portada\",\"item\":\"https:\/\/cosmeticos.nicesticker.mx\/\"},{\"@type\":\"ListItem\",\"position\":2,\"name\":\"Contacto\"}]},{\"@type\":\"WebSite\",\"@id\":\"https:\/\/cosmeticos.nicesticker.mx\/#website\",\"url\":\"https:\/\/cosmeticos.nicesticker.mx\/\",\"name\":\"Cosm\u00e9tica Lab Natural\",\"description\":\"\",\"publisher\":{\"@id\":\"https:\/\/cosmeticos.nicesticker.mx\/#organization\"},\"potentialAction\":[{\"@type\":\"SearchAction\",\"target\":{\"@type\":\"EntryPoint\",\"urlTemplate\":\"https:\/\/cosmeticos.nicesticker.mx\/?s={search_term_string}\"},\"query-input\":\"required name=search_term_string\"}],\"inLanguage\":\"es\"},{\"@type\":\"Organization\",\"@id\":\"https:\/\/cosmeticos.nicesticker.mx\/#organization\",\"name\":\"Cosm\u00e9tica Lab Natural\",\"url\":\"https:\/\/cosmeticos.nicesticker.mx\/\",\"logo\":{\"@type\":\"ImageObject\",\"inLanguage\":\"es\",\"@id\":\"https:\/\/cosmeticos.nicesticker.mx\/#\/schema\/logo\/image\/\",\"url\":\"https:\/\/cosmeticos.nicesticker.mx\/wp-content\/uploads\/2023\/12\/Mesa-de-trabajo-2.png\",\"contentUrl\":\"https:\/\/cosmeticos.nicesticker.mx\/wp-content\/uploads\/2023\/12\/Mesa-de-trabajo-2.png\",\"width\":1080,\"height\":1080,\"caption\":\"Cosm\u00e9tica Lab Natural\"},\"image\":{\"@id\":\"https:\/\/cosmeticos.nicesticker.mx\/#\/schema\/logo\/image\/\"}}]}<\/script>\n<!-- \/ Yoast SEO plugin. -->","yoast_head_json":{"title":"Contacto - Cosm\u00e9tica Lab Natural","robots":{"index":"index","follow":"follow","max-snippet":"max-snippet:-1","max-image-preview":"max-image-preview:large","max-video-preview":"max-video-preview:-1"},"canonical":"https:\/\/cosmeticos.nicesticker.mx\/index.php\/contacto\/","og_locale":"es_ES","og_type":"article","og_title":"Contacto - Cosm\u00e9tica Lab Natural","og_description":"Tu nombre Tu correo electr\u00f3nico Asunto Tu mensaje (opcional) Nos encantar\u00eda saber de ti. Contacta con nuestro equipo para cualquier consulta o informaci\u00f3n que necesites. Estamos aqu\u00ed para ayudarte. clientescni@naturalescni.mx","og_url":"https:\/\/cosmeticos.nicesticker.mx\/index.php\/contacto\/","og_site_name":"Cosm\u00e9tica Lab Natural","article_modified_time":"2024-08-01T20:20:31+00:00","twitter_card":"summary_large_image","twitter_misc":{"Tiempo de lectura":"1 minuto"},"schema":{"@context":"https:\/\/schema.org","@graph":[{"@type":"WebPage","@id":"https:\/\/cosmeticos.nicesticker.mx\/index.php\/contacto\/","url":"https:\/\/cosmeticos.nicesticker.mx\/index.php\/contacto\/","name":"Contacto - Cosm\u00e9tica Lab Natural","isPartOf":{"@id":"https:\/\/cosmeticos.nicesticker.mx\/#website"},"datePublished":"2023-12-06T14:48:42+00:00","dateModified":"2024-08-01T20:20:31+00:00","breadcrumb":{"@id":"https:\/\/cosmeticos.nicesticker.mx\/index.php\/contacto\/#breadcrumb"},"inLanguage":"es","potentialAction":[{"@type":"ReadAction","target":["https:\/\/cosmeticos.nicesticker.mx\/index.php\/contacto\/"]}]},{"@type":"BreadcrumbList","@id":"https:\/\/cosmeticos.nicesticker.mx\/index.php\/contacto\/#breadcrumb","itemListElement":[{"@type":"ListItem","position":1,"name":"Portada","item":"https:\/\/cosmeticos.nicesticker.mx\/"},{"@type":"ListItem","position":2,"name":"Contacto"}]},{"@type":"WebSite","@id":"https:\/\/cosmeticos.nicesticker.mx\/#website","url":"https:\/\/cosmeticos.nicesticker.mx\/","name":"Cosm\u00e9tica Lab Natural","description":"","publisher":{"@id":"https:\/\/cosmeticos.nicesticker.mx\/#organization"},"potentialAction":[{"@type":"SearchAction","target":{"@type":"EntryPoint","urlTemplate":"https:\/\/cosmeticos.nicesticker.mx\/?s={search_term_string}"},"query-input":"required name=search_term_string"}],"inLanguage":"es"},{"@type":"Organization","@id":"https:\/\/cosmeticos.nicesticker.mx\/#organization","name":"Cosm\u00e9tica Lab Natural","url":"https:\/\/cosmeticos.nicesticker.mx\/","logo":{"@type":"ImageObject","inLanguage":"es","@id":"https:\/\/cosmeticos.nicesticker.mx\/#\/schema\/logo\/image\/","url":"https:\/\/cosmeticos.nicesticker.mx\/wp-content\/uploads\/2023\/12\/Mesa-de-trabajo-2.png","contentUrl":"https:\/\/cosmeticos.nicesticker.mx\/wp-content\/uploads\/2023\/12\/Mesa-de-trabajo-2.png","width":1080,"height":1080,"caption":"Cosm\u00e9tica Lab Natural"},"image":{"@id":"https:\/\/cosmeticos.nicesticker.mx\/#\/schema\/logo\/image\/"}}]}},"_links":{"self":[{"href":"https:\/\/cosmeticos.nicesticker.mx\/index.php\/wp-json\/wp\/v2\/pages\/42"}],"collection":[{"href":"https:\/\/cosmeticos.nicesticker.mx\/index.php\/wp-json\/wp\/v2\/pages"}],"about":[{"href":"https:\/\/cosmeticos.nicesticker.mx\/index.php\/wp-json\/wp\/v2\/types\/page"}],"author":[{"embeddable":true,"href":"https:\/\/cosmeticos.nicesticker.mx\/index.php\/wp-json\/wp\/v2\/users\/1"}],"replies":[{"embeddable":true,"href":"https:\/\/cosmeticos.nicesticker.mx\/index.php\/wp-json\/wp\/v2\/comments?post=42"}],"version-history":[{"count":52,"href":"https:\/\/cosmeticos.nicesticker.mx\/index.php\/wp-json\/wp\/v2\/pages\/42\/revisions"}],"predecessor-version":[{"id":1225,"href":"https:\/\/cosmeticos.nicesticker.mx\/index.php\/wp-json\/wp\/v2\/pages\/42\/revisions\/1225"}],"wp:attachment":[{"href":"https:\/\/cosmeticos.nicesticker.mx\/index.php\/wp-json\/wp\/v2\/media?parent=42"}],"curies":[{"name":"wp","href":"https:\/\/api.w.org\/{rel}","templated":true}]}}